{"id":531,"date":"2022-08-09T09:14:19","date_gmt":"2022-08-09T08:14:19","guid":{"rendered":"https:\/\/www.ovdekade.nl\/?page_id=531"},"modified":"2023-07-25T20:55:18","modified_gmt":"2023-07-25T19:55:18","slug":"de-poort-van-roosendaal","status":"publish","type":"page","link":"https:\/\/www.ovdekade.nl\/","title":{"rendered":"De poort van Roosendaal"},"content":{"rendered":"\n<p>Ondernemersvereniging De Kade is de ondernemersvereniging van het <a href=\"https:\/\/www.ovdekade.nl\/?page_id=377\">winkelgebied <\/a>op en rond de Kade in Roosendaal. Op dit moment telt OV De Kade rond de 40 leden, waaronder diverse <a href=\"https:\/\/www.ovdekade.nl\/?page_id=150\">branches <\/a>vertegenwoordigd zijn. <\/p>\n\n\n\n<p>Het bestuur van OV De Kade zet zich in voor de belangen van zijn leden t.o.v. de Gemeente Roosendaal. Tevens stelt zij zich ten doel de promotie van het Kade gebied te verbeteren. Dit gebeurd o.a. doordat OV De Kade een tal van toonaangevende evenementen ondersteund zoals:&nbsp;Nationale Jeugdronde, Sint Nicolaas Comit\u00e9, Draai van de Kaai, Kermisronde en Volksronde.<\/p>\n\n\n\n<h2 class=\"wp-block-heading\">Nieuws<\/h2>\n\n\n\n<div class=\"wp-block-columns is-not-stacked-on-mobile is-layout-flex wp-container-core-columns-is-layout-1 wp-block-columns-is-layout-flex\">\n<div class=\"wp-block-column is-layout-flow wp-block-column-is-layout-flow\">\n<div class=\"wp-block-cover is-light\" style=\"min-height:285px;aspect-ratio:unset;\"><span aria-hidden=\"true\" class=\"wp-block-cover__background has-background-dim\"><\/span><img loading=\"lazy\" decoding=\"async\" width=\"1200\" height=\"630\" class=\"wp-block-cover__image-background wp-image-1139\" alt=\"\" src=\"https:\/\/www.ovdekade.nl\/wp-content\/uploads\/Veestallen-1.jpg\" data-object-fit=\"cover\" srcset=\"https:\/\/www.ovdekade.nl\/wp-content\/uploads\/Veestallen-1.jpg 1200w, https:\/\/www.ovdekade.nl\/wp-content\/uploads\/Veestallen-1-300x158.jpg 300w, https:\/\/www.ovdekade.nl\/wp-content\/uploads\/Veestallen-1-1024x538.jpg 1024w, https:\/\/www.ovdekade.nl\/wp-content\/uploads\/Veestallen-1-768x403.jpg 768w\" sizes=\"auto, (max-width: 1200px) 100vw, 1200px\" \/><div class=\"wp-block-cover__inner-container is-layout-flow wp-block-cover-is-layout-flow\">\n<p class=\"has-text-align-center has-large-font-size\"><\/p>\n<\/div><\/div>\n\n\n\n<!-- NOTE: If you need to make changes to this file, copy it to your current theme's main\n\tdirectory so your changes won't be overwritten when the plugin is upgraded. -->\n\n<!-- Post Wrap Start-->\n<div class=\"post hentry ivycat-post\">\n\n\t<!-- \tThis outputs the post TITLE -->\n\t<h2 class=\"entry-title\"><a href=\"https:\/\/www.ovdekade.nl\/?p=1137\">Een historisch begrip aan de Kade: caf\u00e9 de Veestallen<\/a><\/h2>\n\n\t<!-- \tThis outputs the post EXCERPT.  To display full content including images and html,\n\t\treplace the_excerpt(); with the_content();  below. -->\n\t<div class=\"entry-summary\">\n\t\t<p>Caf\u00e9 de Veestallen, een iconisch caf\u00e9 aan de Kade en het oudst bestaande caf\u00e9 in Roosendaal, staat bekend om zijn rijke historie. In dit interview vertelt Amaradasa Nuijten vol enthousiasme over de charme van het caf\u00e9 en de bijzondere toevoeging van Restaurant de Bonenkoning. Een caf\u00e9 vol levendigheid Caf\u00e9 de Veestallen heeft een speciale plek &hellip; <a href=\"https:\/\/www.ovdekade.nl\/?p=1137\" class=\"more-link\">Lees verder <span class=\"screen-reader-text\">Een historisch begrip aan de Kade: caf\u00e9 de Veestallen<\/span> <span class=\"meta-nav\">&rarr;<\/span><\/a><\/p>\n\t<\/div>\n\n\t<!--\tThis outputs the post META information -->\n\t<div class=\"entry-utility\">\n\t\t\t\t\t<span class=\"cat-links\">\n\t\t\t\t<span class=\"entry-utility-prep entry-utility-prep-cat-links\">Posted in<\/span> <a href=\"https:\/\/www.ovdekade.nl\/?cat=1\" rel=\"category\">Nieuws<\/a>\t\t\t<\/span>\n\t\t\t<span class=\"meta-sep\">|<\/span>\n\t\t\t\t\t\t<span class=\"comments-link\">\n\t\t\t<span>Reacties uitgeschakeld<span class=\"screen-reader-text\"> voor Een historisch begrip aan de Kade: caf\u00e9 de Veestallen<\/span><\/span>\t\t<\/span>\n\t\t\t<\/div>\n<\/div>\n<!-- \/\/ Post Wrap End -->\n\n<\/div>\n\n\n\n<div class=\"wp-block-column is-layout-flow wp-block-column-is-layout-flow\">\n<div class=\"wp-block-cover is-light\" style=\"min-height:287px;aspect-ratio:unset;\"><span aria-hidden=\"true\" class=\"wp-block-cover__background has-background-dim\"><\/span><img loading=\"lazy\" decoding=\"async\" width=\"2560\" height=\"1920\" class=\"wp-block-cover__image-background wp-image-1151\" alt=\"\" src=\"https:\/\/www.ovdekade.nl\/wp-content\/uploads\/MicrosoftTeams-image-67-scaled.jpg\" data-object-fit=\"cover\" srcset=\"https:\/\/www.ovdekade.nl\/wp-content\/uploads\/MicrosoftTeams-image-67-scaled.jpg 2560w, https:\/\/www.ovdekade.nl\/wp-content\/uploads\/MicrosoftTeams-image-67-300x225.jpg 300w, https:\/\/www.ovdekade.nl\/wp-content\/uploads\/MicrosoftTeams-image-67-1024x768.jpg 1024w, https:\/\/www.ovdekade.nl\/wp-content\/uploads\/MicrosoftTeams-image-67-768x576.jpg 768w, https:\/\/www.ovdekade.nl\/wp-content\/uploads\/MicrosoftTeams-image-67-1536x1152.jpg 1536w, https:\/\/www.ovdekade.nl\/wp-content\/uploads\/MicrosoftTeams-image-67-2048x1536.jpg 2048w\" sizes=\"auto, (max-width: 2560px) 100vw, 2560px\" \/><div class=\"wp-block-cover__inner-container is-layout-flow wp-block-cover-is-layout-flow\">\n<p class=\"has-text-align-center has-large-font-size\"><\/p>\n<\/div><\/div>\n\n\n\n<!-- NOTE: If you need to make changes to this file, copy it to your current theme's main\n\tdirectory so your changes won't be overwritten when the plugin is upgraded. -->\n\n<!-- Post Wrap Start-->\n<div class=\"post hentry ivycat-post\">\n\n\t<!-- \tThis outputs the post TITLE -->\n\t<h2 class=\"entry-title\"><a href=\"https:\/\/www.ovdekade.nl\/?p=1150\">The Loods: Graffiti met liefde en passie<\/a><\/h2>\n\n\t<!-- \tThis outputs the post EXCERPT.  To display full content including images and html,\n\t\treplace the_excerpt(); with the_content();  below. -->\n\t<div class=\"entry-summary\">\n\t\t<p>Niet aan de Kade, maar toch lid van de ondernemersvereniging: the Loods. Remco is beheerder van the Loods en vertelt over passie en liefde. Als je binnenstapt, kom je in een heel andere wereld: in de wereld van de graffiti. Er is meer dan 3000 m2 wand, waarvan geen centimeter onbespoten is. Het ligt in &hellip; <a href=\"https:\/\/www.ovdekade.nl\/?p=1150\" class=\"more-link\">Lees verder <span class=\"screen-reader-text\">The Loods: Graffiti met liefde en passie<\/span> <span class=\"meta-nav\">&rarr;<\/span><\/a><\/p>\n\t<\/div>\n\n\t<!--\tThis outputs the post META information -->\n\t<div class=\"entry-utility\">\n\t\t\t\t\t<span class=\"cat-links\">\n\t\t\t\t<span class=\"entry-utility-prep entry-utility-prep-cat-links\">Posted in<\/span> <a href=\"https:\/\/www.ovdekade.nl\/?cat=1\" rel=\"category\">Nieuws<\/a>\t\t\t<\/span>\n\t\t\t<span class=\"meta-sep\">|<\/span>\n\t\t\t\t\t\t<span class=\"comments-link\">\n\t\t\t<span>Reacties uitgeschakeld<span class=\"screen-reader-text\"> voor The Loods: Graffiti met liefde en passie<\/span><\/span>\t\t<\/span>\n\t\t\t<\/div>\n<\/div>\n<!-- \/\/ Post Wrap End -->\n\n<\/div>\n<\/div>\n\n\n\n<div class=\"wp-block-buttons is-layout-flex wp-block-buttons-is-layout-flex\">\n<div class=\"wp-block-button is-style-outline is-style-outline--1\"><a class=\"wp-block-button__link wp-element-button\" href=\"https:\/\/www.ovdekade.nl\/?page_id=81\">meer nieuws<\/a><\/div>\n<\/div>\n\n\n\n<h2 class=\"wp-block-heading\">Events<\/h2>\n\n\n\n<h4 class=\"wp-block-heading\">2023<\/h4>\n\n\n\n<div class=\"wp-block-media-text alignwide is-stacked-on-mobile\"><figure class=\"wp-block-media-text__media\"><img loading=\"lazy\" decoding=\"async\" width=\"800\" height=\"533\" src=\"https:\/\/www.ovdekade.nl\/wp-content\/uploads\/Wielerweekend-roosendaal-open-klasse.jpg\" alt=\"\" class=\"wp-image-611 size-full\" srcset=\"https:\/\/www.ovdekade.nl\/wp-content\/uploads\/Wielerweekend-roosendaal-open-klasse.jpg 800w, https:\/\/www.ovdekade.nl\/wp-content\/uploads\/Wielerweekend-roosendaal-open-klasse-300x200.jpg 300w, https:\/\/www.ovdekade.nl\/wp-content\/uploads\/Wielerweekend-roosendaal-open-klasse-768x512.jpg 768w\" sizes=\"auto, (max-width: 800px) 100vw, 800px\" \/><\/figure><div class=\"wp-block-media-text__content\">\n<p><strong>29 juli: Volksronde wielerweekend<\/strong>         Doe je mee met de volksronde op de Kade? Bij dit evenement staat het wielrennen centraal.                                                  Meer informatie en aanmelden via <a href=\"http:\/\/www.wielerweekend-roosendaal.nl\/\" data-type=\"URL\" data-id=\"www.wielerweekend-roosendaal.nl\/\">www.wielerweekend-roosendaal.nl<\/a><\/p>\n<\/div><\/div>\n\n\n\n<div class=\"wp-block-media-text alignwide is-stacked-on-mobile\"><figure class=\"wp-block-media-text__media\"><img loading=\"lazy\" decoding=\"async\" width=\"1024\" height=\"929\" src=\"https:\/\/www.ovdekade.nl\/wp-content\/uploads\/Warmdraaien-scaled-e1684932890605-1024x929.jpg\" alt=\"\" class=\"wp-image-1082 size-full\" srcset=\"https:\/\/www.ovdekade.nl\/wp-content\/uploads\/Warmdraaien-scaled-e1684932890605-1024x929.jpg 1024w, https:\/\/www.ovdekade.nl\/wp-content\/uploads\/Warmdraaien-scaled-e1684932890605-300x272.jpg 300w, https:\/\/www.ovdekade.nl\/wp-content\/uploads\/Warmdraaien-scaled-e1684932890605-768x697.jpg 768w, https:\/\/www.ovdekade.nl\/wp-content\/uploads\/Warmdraaien-scaled-e1684932890605-1536x1394.jpg 1536w, https:\/\/www.ovdekade.nl\/wp-content\/uploads\/Warmdraaien-scaled-e1684932890605-2048x1858.jpg 2048w\" sizes=\"auto, (max-width: 1024px) 100vw, 1024px\" \/><\/figure><div class=\"wp-block-media-text__content\">\n<p><strong>30 juli<\/strong>: <strong>Warmdraaien<\/strong><br>Maak je klaar om terug te gaan naar de jaren \u201990 en de tijd van de Eurodance te herleven met de Draai van de Kaai 90\u2019s party! Op zondag 30 juli brengen we een legendarische line-up van artiesten naar Roosendaal voor een avond vol dansbare hits en onvergetelijke herinneringen. Meer informatie en ticketverkoop via <a href=\"http:\/\/dedraaivandekaai.nl\/entertainment\/\">dedraaivandekaai.nl\/entertainment\/<\/a><\/p>\n<\/div><\/div>\n\n\n\n<div class=\"wp-block-media-text alignwide is-stacked-on-mobile\"><figure class=\"wp-block-media-text__media\"><img loading=\"lazy\" decoding=\"async\" width=\"1024\" height=\"683\" src=\"https:\/\/www.ovdekade.nl\/wp-content\/uploads\/draai-van-de-kaai-1024x683.jpg\" alt=\"\" class=\"wp-image-620 size-full\" srcset=\"https:\/\/www.ovdekade.nl\/wp-content\/uploads\/draai-van-de-kaai-1024x683.jpg 1024w, https:\/\/www.ovdekade.nl\/wp-content\/uploads\/draai-van-de-kaai-300x200.jpg 300w, https:\/\/www.ovdekade.nl\/wp-content\/uploads\/draai-van-de-kaai-768x512.jpg 768w, https:\/\/www.ovdekade.nl\/wp-content\/uploads\/draai-van-de-kaai-1536x1024.jpg 1536w, https:\/\/www.ovdekade.nl\/wp-content\/uploads\/draai-van-de-kaai.jpg 2048w\" sizes=\"auto, (max-width: 1024px) 100vw, 1024px\" \/><\/figure><div class=\"wp-block-media-text__content\">\n<p><strong>31 juli: Draai van de Kaai<\/strong>                          Aankomend jaar de 42ste Draai van de Kaai.  Doe jij mee?                                            Meer informatie en aanmelden via <a href=\"https:\/\/dedraaivandekaai.nl\" data-type=\"URL\" data-id=\"https:\/\/www.wielercriterium-roosendaal.nl\/\">dedraaivandekaai.nl<\/a><\/p>\n<\/div><\/div>\n\n\n\n<div class=\"wp-block-media-text alignwide is-stacked-on-mobile\"><figure class=\"wp-block-media-text__media\"><img loading=\"lazy\" decoding=\"async\" width=\"1024\" height=\"1024\" src=\"https:\/\/www.ovdekade.nl\/wp-content\/uploads\/Kermis-1024x1024.png\" alt=\"\" class=\"wp-image-1166 size-full\" srcset=\"https:\/\/www.ovdekade.nl\/wp-content\/uploads\/Kermis-1024x1024.png 1024w, https:\/\/www.ovdekade.nl\/wp-content\/uploads\/Kermis-300x300.png 300w, https:\/\/www.ovdekade.nl\/wp-content\/uploads\/Kermis-150x150.png 150w, https:\/\/www.ovdekade.nl\/wp-content\/uploads\/Kermis-768x768.png 768w, https:\/\/www.ovdekade.nl\/wp-content\/uploads\/Kermis-1536x1536.png 1536w, https:\/\/www.ovdekade.nl\/wp-content\/uploads\/Kermis-2048x2048.png 2048w\" sizes=\"auto, (max-width: 1024px) 100vw, 1024px\" \/><\/figure><div class=\"wp-block-media-text__content\">\n<p><strong>1-7 september: Kermis<\/strong>                       <\/p>\n\n\n\n<p>In september is het weer tijd voor de leukste kermis van Nederland! De Kade zal weer vol staan met razendsnelle attracties, geniet van zoete typische kermis lekkernijen en jong en oud kunnen genieten van alle vrolijke familieattracties.<\/p>\n\n\n\n<p>We kijken ernaar uit om je te verwelkomen!<\/p>\n<\/div><\/div>\n","protected":false},"excerpt":{"rendered":"<p>Ondernemersvereniging De Kade is de ondernemersvereniging van het winkelgebied op en rond de Kade in Roosendaal. Op dit moment telt OV De Kade rond de 40 leden, waaronder diverse branches vertegenwoordigd zijn. Het bestuur van OV De Kade zet zich in voor de belangen van zijn leden t.o.v. de Gemeente Roosendaal. Tevens stelt zij zich &hellip; <a href=\"https:\/\/www.ovdekade.nl\/?p=1150\" class=\"more-link\">Lees verder <span class=\"screen-reader-text\">The Loods: Graffiti met liefde en passie<\/span> <span class=\"meta-nav\">&rarr;<\/span><\/a><\/p>\n","protected":false},"author":3,"featured_media":0,"parent":0,"menu_order":0,"comment_status":"closed","ping_status":"closed","template":"","meta":{"footnotes":""},"class_list":["post-531","page","type-page","status-publish","hentry"],"_links":{"self":[{"href":"https:\/\/www.ovdekade.nl\/index.php?rest_route=\/wp\/v2\/pages\/531","targetHints":{"allow":["GET"]}}],"collection":[{"href":"https:\/\/www.ovdekade.nl\/index.php?rest_route=\/wp\/v2\/pages"}],"about":[{"href":"https:\/\/www.ovdekade.nl\/index.php?rest_route=\/wp\/v2\/types\/page"}],"author":[{"embeddable":true,"href":"https:\/\/www.ovdekade.nl\/index.php?rest_route=\/wp\/v2\/users\/3"}],"replies":[{"embeddable":true,"href":"https:\/\/www.ovdekade.nl\/index.php?rest_route=%2Fwp%2Fv2%2Fcomments&post=531"}],"version-history":[{"count":107,"href":"https:\/\/www.ovdekade.nl\/index.php?rest_route=\/wp\/v2\/pages\/531\/revisions"}],"predecessor-version":[{"id":1169,"href":"https:\/\/www.ovdekade.nl\/index.php?rest_route=\/wp\/v2\/pages\/531\/revisions\/1169"}],"wp:attachment":[{"href":"https:\/\/www.ovdekade.nl\/index.php?rest_route=%2Fwp%2Fv2%2Fmedia&parent=531"}],"curies":[{"name":"wp","href":"https:\/\/api.w.org\/{rel}","templated":true}]}}